{"id":84,"date":"2021-10-14T16:24:21","date_gmt":"2021-10-14T14:24:21","guid":{"rendered":"http:\/\/dev-lubilhac.alombredesetoiles.fr\/?page_id=84"},"modified":"2021-10-18T16:36:27","modified_gmt":"2021-10-18T14:36:27","slug":"histoire","status":"publish","type":"page","link":"https:\/\/dev-lubilhac.alombredesetoiles.fr\/fr\/histoire\/","title":{"rendered":"Histoire"},"content":{"rendered":"<p>[et_pb_section fb_built=\u00a0\u00bb1&Prime; _builder_version=\u00a0\u00bb4.11.2&Prime; _module_preset=\u00a0\u00bbdefault\u00a0\u00bb global_colors_info=\u00a0\u00bb{}\u00a0\u00bb][et_pb_row _builder_version=\u00a0\u00bb4.11.2&Prime; _module_preset=\u00a0\u00bbdefault\u00a0\u00bb global_colors_info=\u00a0\u00bb{}\u00a0\u00bb][et_pb_column type=\u00a0\u00bb4_4&Prime; _builder_version=\u00a0\u00bb4.11.2&Prime; _module_preset=\u00a0\u00bbdefault\u00a0\u00bb global_colors_info=\u00a0\u00bb{}\u00a0\u00bb][et_pb_text _builder_version=\u00a0\u00bb4.11.2&Prime; _module_preset=\u00a0\u00bbdefault\u00a0\u00bb header_font=\u00a0\u00bb|||on|||||\u00a0\u00bb header_text_color=\u00a0\u00bb#c8a876&Prime; header_font_size=\u00a0\u00bb9vw\u00a0\u00bb header_line_height=\u00a0\u00bb0.7em\u00a0\u00bb width=\u00a0\u00bb63%\u00a0\u00bb global_colors_info=\u00a0\u00bb{}\u00a0\u00bb]<\/p>\n<h1 style=\"text-align: right;\"><span class=\"notre-histoire\">notre<\/span><br \/>histoire<\/h1>\n<p>[\/et_pb_text][\/et_pb_column][\/et_pb_row][et_pb_row column_structure=\u00a0\u00bb2_5,3_5&Prime; _builder_version=\u00a0\u00bb4.11.2&Prime; _module_preset=\u00a0\u00bbdefault\u00a0\u00bb global_colors_info=\u00a0\u00bb{}\u00a0\u00bb][et_pb_column type=\u00a0\u00bb2_5&Prime; _builder_version=\u00a0\u00bb4.11.2&Prime; _module_preset=\u00a0\u00bbdefault\u00a0\u00bb global_colors_info=\u00a0\u00bb{}\u00a0\u00bb][\/et_pb_column][et_pb_column type=\u00a0\u00bb3_5&Prime; _builder_version=\u00a0\u00bb4.11.2&Prime; _module_preset=\u00a0\u00bbdefault\u00a0\u00bb global_colors_info=\u00a0\u00bb{}\u00a0\u00bb][et_pb_text _builder_version=\u00a0\u00bb4.11.2&Prime; _module_preset=\u00a0\u00bbdefault\u00a0\u00bb global_colors_info=\u00a0\u00bb{}\u00a0\u00bb]<\/p>\n<p>Du Domaine Viticole : En 2020, \u00e0 Coux, au c\u0153ur de la vall\u00e9e de l\u2019Ouv\u00e8ze, l\u2019ard\u00e9chois Marc Ladreit de Lacharri\u00e8re et le vigneron Gerben Tonkens s\u2019associent autour d\u2019un projet viticole ambitieux, recr\u00e9er un vignoble en agriculture biologique au domaine de Lubilhac. Les deux entrepreneurs partagent un attachement inconditionnel \u00e0 cette belle terre d\u2019Ard\u00e8che, une r\u00e9gion riche d&rsquo;agriculture, d&rsquo;art et d&rsquo;histoire. Pour Marc Ladreit de Lacharri\u00e8re, c\u2019est une nouvelle fois l\u2019occasion de faire rayonner sa ch\u00e8re Ard\u00e8che, pour Gerben Tonkens, c\u2019est l\u2019opportunit\u00e9 de cr\u00e9er un vin unique. La viticulture a toujours \u00e9t\u00e9 pr\u00e9sente dans la r\u00e9gion, o\u00f9 des vins de tr\u00e8s grande qualit\u00e9 sont produits depuis longtemps. On raconte m\u00eame que le Pape Pie VI aurait bu du vin de Coux, juste avant sa mort \u00e0 Valence en 1799. Ce projet viticole s\u2019inscrit donc dans la continuit\u00e9 de l\u2019histoire de ce terroir de c\u0153ur.<\/p>\n<p>[\/et_pb_text][\/et_pb_column][\/et_pb_row][et_pb_row column_structure=\u00a0\u00bb3_5,2_5&Prime; _builder_version=\u00a0\u00bb4.11.2&Prime; _module_preset=\u00a0\u00bbdefault\u00a0\u00bb global_colors_info=\u00a0\u00bb{}\u00a0\u00bb][et_pb_column type=\u00a0\u00bb3_5&Prime; _builder_version=\u00a0\u00bb4.11.2&Prime; _module_preset=\u00a0\u00bbdefault\u00a0\u00bb global_colors_info=\u00a0\u00bb{}\u00a0\u00bb][et_pb_text _builder_version=\u00a0\u00bb4.11.2&Prime; _module_preset=\u00a0\u00bbdefault\u00a0\u00bb global_colors_info=\u00a0\u00bb{}\u00a0\u00bb]<\/p>\n<p>Du Domaine familial : Le Domaine f\u00fbt construit \u00e0 l\u2019\u00e2ge Roman, avant 1079. D\u00e8s 1246, Pierre Ladreit de Lacharri\u00e8re est le premier membre de la famille \u00e0 appara\u00eetre \u00e0 Lubilhac. En 1373, Catherine de Lacharri\u00e8re fonde une chapellenie en l\u2019\u00e9glise de Lubilhac. 1474 : premier document officiel faisant \u00e9tat du Mas fortifi\u00e9 de Lubilhac. Vers 1560, le Vivarais est protestant comme la famille Ladreit de Lacharri\u00e8re. En 1562, l\u2019\u00e9glise de Lubilhac est abandonn\u00e9e. En 1583, elle est d\u00e9truite. Dans le courant du 18\u00e8me si\u00e8cle, les restes de l\u2019\u00e9glise de Lubilhac sont transform\u00e9s en \u00e9curie et grenier \u00e0 foin. Juste apr\u00e8s la r\u00e9volution, l\u2019ensemble des b\u00e2timents et des terres est vendu aux ench\u00e8res publiques. Les \u00e9glises sont rendues au culte catholique. En 1814, Ren\u00e9 Ladreit de Lacharri\u00e8re devient propri\u00e9taire du Domaine de Lubilhac et de son \u00e9glise. En 1956, l\u2019architecte en appelle \u00e0 un propri\u00e9taire avis\u00e9 pour restaurer l\u2019\u00e9glise. En 1997, c\u2019est le d\u00e9but de la restauration de l\u2019\u00e9glise. Celle-ci se termine en 2011<\/p>\n<p>[\/et_pb_text][\/et_pb_column][et_pb_column type=\u00a0\u00bb2_5&Prime; _builder_version=\u00a0\u00bb4.11.2&Prime; _module_preset=\u00a0\u00bbdefault\u00a0\u00bb global_colors_info=\u00a0\u00bb{}\u00a0\u00bb][\/et_pb_column][\/et_pb_row][\/et_pb_section][et_pb_section fb_built=\u00a0\u00bb1&Prime; _builder_version=\u00a0\u00bb4.11.2&Prime; _module_preset=\u00a0\u00bbdefault\u00a0\u00bb hover_enabled=\u00a0\u00bb0&Prime; global_colors_info=\u00a0\u00bb{}\u00a0\u00bb custom_padding=\u00a0\u00bb||0px||false|false\u00a0\u00bb custom_margin=\u00a0\u00bb||0px||false|false\u00a0\u00bb sticky_enabled=\u00a0\u00bb0&Prime;][et_pb_row column_structure=\u00a0\u00bb1_2,1_2&Prime; use_custom_gutter=\u00a0\u00bbon\u00a0\u00bb gutter_width=\u00a0\u00bb1&Prime; _builder_version=\u00a0\u00bb4.11.2&Prime; _module_preset=\u00a0\u00bbdefault\u00a0\u00bb width=\u00a0\u00bb100%\u00a0\u00bb hover_enabled=\u00a0\u00bb0&Prime; global_colors_info=\u00a0\u00bb{}\u00a0\u00bb custom_margin=\u00a0\u00bb||0px||false|false\u00a0\u00bb custom_padding=\u00a0\u00bb||0px||false|false\u00a0\u00bb sticky_enabled=\u00a0\u00bb0&Prime;][et_pb_column type=\u00a0\u00bb1_2&Prime; _builder_version=\u00a0\u00bb4.11.2&Prime; _module_preset=\u00a0\u00bbdefault\u00a0\u00bb global_colors_info=\u00a0\u00bb{}\u00a0\u00bb][et_pb_image src=\u00a0\u00bbhttp:\/\/dev-lubilhac.alombredesetoiles.fr\/wp-content\/uploads\/2021\/10\/photo-histoire2-50.jpg\u00a0\u00bb title_text=\u00a0\u00bbphoto-histoire2-50&Prime; _builder_version=\u00a0\u00bb4.11.2&Prime; _module_preset=\u00a0\u00bbdefault\u00a0\u00bb transform_translate=\u00a0\u00bb0px|200px\u00a0\u00bb transform_translate_linked=\u00a0\u00bboff\u00a0\u00bb global_colors_info=\u00a0\u00bb{}\u00a0\u00bb][\/et_pb_image][\/et_pb_column][et_pb_column type=\u00a0\u00bb1_2&Prime; _builder_version=\u00a0\u00bb4.11.2&Prime; _module_preset=\u00a0\u00bbdefault\u00a0\u00bb global_colors_info=\u00a0\u00bb{}\u00a0\u00bb][et_pb_image src=\u00a0\u00bbhttp:\/\/dev-lubilhac.alombredesetoiles.fr\/wp-content\/uploads\/2021\/10\/photo-histoire1-50.jpg\u00a0\u00bb title_text=\u00a0\u00bbphoto-histoire1-50&Prime; align=\u00a0\u00bbcenter\u00a0\u00bb force_fullwidth=\u00a0\u00bbon\u00a0\u00bb _builder_version=\u00a0\u00bb4.11.2&Prime; _module_preset=\u00a0\u00bbdefault\u00a0\u00bb global_colors_info=\u00a0\u00bb{}\u00a0\u00bb][\/et_pb_image][\/et_pb_column][\/et_pb_row][\/et_pb_section][et_pb_section fb_built=\u00a0\u00bb1&Prime; _builder_version=\u00a0\u00bb4.11.2&Prime; _module_preset=\u00a0\u00bbdefault\u00a0\u00bb background_color=\u00a0\u00bbrgba(255,255,255,0)\u00a0\u00bb background_image=\u00a0\u00bbhttp:\/\/dev-lubilhac.alombredesetoiles.fr\/wp-content\/uploads\/2021\/10\/GERBEN-TONKENS.png\u00a0\u00bb background_size=\u00a0\u00bbcontain\u00a0\u00bb background_position=\u00a0\u00bbtop_left\u00a0\u00bb z_index=\u00a0\u00bb123&Prime; width=\u00a0\u00bb90%\u00a0\u00bb module_alignment=\u00a0\u00bbcenter\u00a0\u00bb custom_margin=\u00a0\u00bb0px||0px||false|false\u00a0\u00bb custom_padding=\u00a0\u00bb0px||0px||false|false\u00a0\u00bb global_colors_info=\u00a0\u00bb{}\u00a0\u00bb][et_pb_row column_structure=\u00a0\u00bb1_2,1_2&Prime; _builder_version=\u00a0\u00bb4.11.2&Prime; _module_preset=\u00a0\u00bbdefault\u00a0\u00bb width=\u00a0\u00bb100%\u00a0\u00bb custom_margin=\u00a0\u00bb0px||||false|false\u00a0\u00bb custom_padding=\u00a0\u00bb8vw||0px||false|false\u00a0\u00bb hover_enabled=\u00a0\u00bb0&Prime; global_colors_info=\u00a0\u00bb{}\u00a0\u00bb sticky_enabled=\u00a0\u00bb0&Prime; module_id=\u00a0\u00bbrow-createurs-histoire\u00a0\u00bb][et_pb_column type=\u00a0\u00bb1_2&Prime; _builder_version=\u00a0\u00bb4.11.2&Prime; _module_preset=\u00a0\u00bbdefault\u00a0\u00bb background_enable_image=\u00a0\u00bboff\u00a0\u00bb global_colors_info=\u00a0\u00bb{}\u00a0\u00bb][\/et_pb_column][et_pb_column type=\u00a0\u00bb1_2&Prime; _builder_version=\u00a0\u00bb4.11.2&Prime; _module_preset=\u00a0\u00bbdefault\u00a0\u00bb global_colors_info=\u00a0\u00bb{}\u00a0\u00bb][et_pb_text _builder_version=\u00a0\u00bb4.11.2&Prime; _module_preset=\u00a0\u00bbdefault\u00a0\u00bb header_2_font=\u00a0\u00bb|||on|||||\u00a0\u00bb header_2_text_color=\u00a0\u00bb#656466&Prime; header_2_font_size=\u00a0\u00bb3vw\u00a0\u00bb global_colors_info=\u00a0\u00bb{}\u00a0\u00bb]<\/p>\n<h2>Les cr\u00e9ateurs<\/h2>\n<p>[\/et_pb_text][\/et_pb_column][\/et_pb_row][et_pb_row _builder_version=\u00a0\u00bb4.11.2&Prime; _module_preset=\u00a0\u00bbdefault\u00a0\u00bb global_colors_info=\u00a0\u00bb{}\u00a0\u00bb][et_pb_column type=\u00a0\u00bb4_4&Prime; _builder_version=\u00a0\u00bb4.11.2&Prime; _module_preset=\u00a0\u00bbdefault\u00a0\u00bb global_colors_info=\u00a0\u00bb{}\u00a0\u00bb][et_pb_text _builder_version=\u00a0\u00bb4.11.2&Prime; _module_preset=\u00a0\u00bbdefault\u00a0\u00bb header_2_font_size=\u00a0\u00bb5vw\u00a0\u00bb width=\u00a0\u00bb100%\u00a0\u00bb module_alignment=\u00a0\u00bbcenter\u00a0\u00bb custom_padding=\u00a0\u00bb4vw|||3vw|false|false\u00a0\u00bb hover_enabled=\u00a0\u00bb0&Prime; global_colors_info=\u00a0\u00bb{}\u00a0\u00bb header_2_line_height=\u00a0\u00bb0.7em\u00a0\u00bb sticky_enabled=\u00a0\u00bb0&Prime;]<\/p>\n<h2>GERBEN<br \/><span class=\"tonkens\">TONKENS<span><\/span><\/span><\/h2>\n<p>[\/et_pb_text][\/et_pb_column][\/et_pb_row][et_pb_row column_structure=\u00a0\u00bb1_3,2_3&Prime; use_custom_gutter=\u00a0\u00bbon\u00a0\u00bb gutter_width=\u00a0\u00bb1&Prime; _builder_version=\u00a0\u00bb4.11.2&Prime; _module_preset=\u00a0\u00bbdefault\u00a0\u00bb custom_margin=\u00a0\u00bb||0px||false|false\u00a0\u00bb custom_padding=\u00a0\u00bb||0px||false|false\u00a0\u00bb hover_enabled=\u00a0\u00bb0&Prime; global_colors_info=\u00a0\u00bb{}\u00a0\u00bb sticky_enabled=\u00a0\u00bb0&Prime;][et_pb_column type=\u00a0\u00bb1_3&Prime; _builder_version=\u00a0\u00bb4.11.2&Prime; _module_preset=\u00a0\u00bbdefault\u00a0\u00bb global_colors_info=\u00a0\u00bb{}\u00a0\u00bb][\/et_pb_column][et_pb_column type=\u00a0\u00bb2_3&Prime; _builder_version=\u00a0\u00bb4.11.2&Prime; _module_preset=\u00a0\u00bbdefault\u00a0\u00bb global_colors_info=\u00a0\u00bb{}\u00a0\u00bb][et_pb_text _builder_version=\u00a0\u00bb4.11.2&Prime; _module_preset=\u00a0\u00bbdefault\u00a0\u00bb hover_enabled=\u00a0\u00bb0&Prime; global_colors_info=\u00a0\u00bb{}\u00a0\u00bb module_id=\u00a0\u00bbtxt-gtonkens\u00a0\u00bb sticky_enabled=\u00a0\u00bb0&Prime;]<\/p>\n<p>Vigneron dans le territoire depuis pr\u00e8s de 30 ans, o\u00f9 il cultive d\u00e9j\u00e0 l&rsquo;art du vin avec une s\u00e9r\u00e9nit\u00e9 enthousiaste, loin des modes et de la s\u00e9duction facile. D\u00e9j\u00e0 engag\u00e9 dans une d\u00e9marche d&rsquo;am\u00e9lioration constante de ses productions, Gerben Tonkens participe notamment \u00e0 une d\u00e9marche collective de reconnaissance par l&rsquo;Institut national de l&rsquo;origine et de la qualit\u00e9 (INAO) de ce terroir singulier, en vue de cr\u00e9er le 6\u00e8me cru des C\u00f4tes-du-Rh\u00f4ne septentrionales.<\/p>\n<p>[\/et_pb_text][\/et_pb_column][\/et_pb_row][\/et_pb_section][et_pb_section fb_built=\u00a0\u00bb1&Prime; _builder_version=\u00a0\u00bb4.11.2&Prime; _module_preset=\u00a0\u00bbdefault\u00a0\u00bb title_text=\u00a0\u00bbphoto MLdL\u00a0\u00bb background_image=\u00a0\u00bbhttp:\/\/dev-lubilhac.alombredesetoiles.fr\/wp-content\/uploads\/2021\/10\/photo-MLdL.png\u00a0\u00bb background_size=\u00a0\u00bbcontain\u00a0\u00bb background_position=\u00a0\u00bbtop_right\u00a0\u00bb width=\u00a0\u00bb100%\u00a0\u00bb hover_enabled=\u00a0\u00bb0&Prime; sticky_enabled=\u00a0\u00bb0&Prime;][et_pb_row _builder_version=\u00a0\u00bb4.11.2&Prime; _module_preset=\u00a0\u00bbdefault\u00a0\u00bb hover_enabled=\u00a0\u00bb0&Prime; sticky_enabled=\u00a0\u00bb0&Prime;][et_pb_column _builder_version=\u00a0\u00bb4.11.2&Prime; _module_preset=\u00a0\u00bbdefault\u00a0\u00bb type=\u00a0\u00bb4_4&Prime;][et_pb_text _builder_version=\u00a0\u00bb4.11.2&Prime; _module_preset=\u00a0\u00bbdefault\u00a0\u00bb header_2_font_size=\u00a0\u00bb9vw\u00a0\u00bb header_2_font=\u00a0\u00bb|||on|||||\u00a0\u00bb header_2_text_align=\u00a0\u00bbright\u00a0\u00bb hover_enabled=\u00a0\u00bb0&Prime; sticky_enabled=\u00a0\u00bb0&Prime; width=\u00a0\u00bb80%\u00a0\u00bb]<\/p>\n<h2><span class=\"marc-histoire\">marc<\/span><br \/>\nLADREIT DE<br \/>\nLACHARRIERE<\/h2>\n<p>[\/et_pb_text][\/et_pb_column][\/et_pb_row][et_pb_row _builder_version=\u00a0\u00bb4.11.2&Prime; _module_preset=\u00a0\u00bbdefault\u00a0\u00bb column_structure=\u00a0\u00bb3_5,2_5&Prime; width=\u00a0\u00bb90%\u00a0\u00bb hover_enabled=\u00a0\u00bb0&Prime; sticky_enabled=\u00a0\u00bb0&Prime;][et_pb_column _builder_version=\u00a0\u00bb4.11.2&Prime; _module_preset=\u00a0\u00bbdefault\u00a0\u00bb type=\u00a0\u00bb3_5&Prime;][et_pb_text _builder_version=\u00a0\u00bb4.11.2&Prime; _module_preset=\u00a0\u00bbdefault\u00a0\u00bb hover_enabled=\u00a0\u00bb0&Prime; sticky_enabled=\u00a0\u00bb0&Prime; width=\u00a0\u00bb80%\u00a0\u00bb]<\/p>\n<p>N\u00e9 le 6 novembre 1940 \u00e0 Nice, il est Issu d&rsquo;une vieille famille ard\u00e9choise originaire du hameau de La Charri\u00e8re \u00e0 Coux. Ancien \u00e9l\u00e8ve de l\u2019\u00c9cole Nationale d\u2019Administration, Marc Ladreit de Lacharri\u00e8re pr\u00e9side FIMALAC dont il contr\u00f4le la totalit\u00e9 du capital. Le groupe d\u00e9veloppe 5 p\u00f4les d\u2019activit\u00e9s : le capital investissement avec Warburg Pincus, les activit\u00e9s du digital au travers de Webedia, le spectacle vivant via la production de spectacles et l\u2019exploitation de salles (FIMALAC Entertainment), l\u2019h\u00f4tellerie et les loisirs au travers du Groupe Barri\u00e8re, et un patrimoine immobilier, essentiellement de bureaux.<br \/>Marc Ladreit de Lacharri\u00e8re pr\u00e9side la Fondation Culture &amp; Diversit\u00e9 qui a pour mission de favoriser l\u2019acc\u00e8s des jeunes issus de milieux modestes \u00e0 la culture et aux \u00e9tudes sup\u00e9rieures artistiques. Plus de 45 000 \u00e9l\u00e8ves ont d\u2019ores et d\u00e9j\u00e0 b\u00e9n\u00e9fici\u00e9 de ses programmes. Marc Ladreit de Lacharri\u00e8re est Grand&rsquo;Croix de la L\u00e9gion d&rsquo;Honneur, membre de l\u2019Acad\u00e9mie des beaux-arts (Institut de France) et Ambassadeur de bonne volont\u00e9 en charge de la diversit\u00e9 culturelle \u00e0 l\u2019UNESCO.<\/p>\n<p>[\/et_pb_text][\/et_pb_column][et_pb_column _builder_version=\u00a0\u00bb4.11.2&Prime; _module_preset=\u00a0\u00bbdefault\u00a0\u00bb type=\u00a0\u00bb2_5&Prime;][\/et_pb_column][\/et_pb_row][\/et_pb_section]<\/p>\n","protected":false},"excerpt":{"rendered":"<p>notrehistoireDu Domaine Viticole : En 2020, \u00e0 Coux, au c\u0153ur de la vall\u00e9e de l\u2019Ouv\u00e8ze, l\u2019ard\u00e9chois Marc Ladreit de Lacharri\u00e8re et le vigneron Gerben Tonkens s\u2019associent autour d\u2019un projet viticole ambitieux, recr\u00e9er un vignoble en agriculture biologique au domaine de Lubilhac. Les deux entrepreneurs partagent un attachement inconditionnel \u00e0 cette belle terre d\u2019Ard\u00e8che, une r\u00e9gion [&hellip;]<\/p>\n","protected":false},"author":1,"featured_media":0,"parent":0,"menu_order":0,"comment_status":"closed","ping_status":"closed","template":"","meta":{"_et_pb_use_builder":"on","_et_pb_old_content":"","_et_gb_content_width":""},"_links":{"self":[{"href":"https:\/\/dev-lubilhac.alombredesetoiles.fr\/fr\/wp-json\/wp\/v2\/pages\/84"}],"collection":[{"href":"https:\/\/dev-lubilhac.alombredesetoiles.fr\/fr\/wp-json\/wp\/v2\/pages"}],"about":[{"href":"https:\/\/dev-lubilhac.alombredesetoiles.fr\/fr\/wp-json\/wp\/v2\/types\/page"}],"author":[{"embeddable":true,"href":"https:\/\/dev-lubilhac.alombredesetoiles.fr\/fr\/wp-json\/wp\/v2\/users\/1"}],"replies":[{"embeddable":true,"href":"https:\/\/dev-lubilhac.alombredesetoiles.fr\/fr\/wp-json\/wp\/v2\/comments?post=84"}],"version-history":[{"count":30,"href":"https:\/\/dev-lubilhac.alombredesetoiles.fr\/fr\/wp-json\/wp\/v2\/pages\/84\/revisions"}],"predecessor-version":[{"id":322,"href":"https:\/\/dev-lubilhac.alombredesetoiles.fr\/fr\/wp-json\/wp\/v2\/pages\/84\/revisions\/322"}],"wp:attachment":[{"href":"https:\/\/dev-lubilhac.alombredesetoiles.fr\/fr\/wp-json\/wp\/v2\/media?parent=84"}],"curies":[{"name":"wp","href":"https:\/\/api.w.org\/{rel}","templated":true}]}}